{"id":10,"date":"2024-05-04T09:45:03","date_gmt":"2024-05-04T09:45:03","guid":{"rendered":"https:\/\/sativagrowshop.com\/blog\/servicios\/"},"modified":"2026-01-23T12:37:01","modified_gmt":"2026-01-23T12:37:01","slug":"servicios","status":"publish","type":"page","link":"https:\/\/www.sativagrowshop.com\/blog\/servicios\/","title":{"rendered":"Nuestros Productos"},"content":{"rendered":"\n<div class=\"wp-block-group alignfull has-background-background-color has-background has-global-padding is-layout-constrained wp-container-core-group-is-layout-eed7453c wp-block-group-is-layout-constrained\" style=\"margin-top:0;margin-bottom:0;padding-top:0;padding-right:0;padding-left:0\">\n<div class=\"wp-block-cover alignfull ext-import\" style=\"padding-top:0;padding-right:var(--wp--preset--spacing--30);padding-bottom:0;padding-left:var(--wp--preset--spacing--30);min-height:50px;aspect-ratio:unset;\"><span aria-hidden=\"true\" class=\"wp-block-cover__background has-black-background-color has-background-dim\"><\/span><img loading=\"lazy\" decoding=\"async\" width=\"1024\" height=\"1024\" class=\"wp-block-cover__image-background wp-image-57\" alt=\"\" src=\"https:\/\/www.sativagrowshop.com\/blog\/wp-content\/uploads\/2024\/08\/img-wxuhjwHl70LILwubhKwSq8uu.png\" data-object-fit=\"cover\" srcset=\"https:\/\/www.sativagrowshop.com\/blog\/wp-content\/uploads\/2024\/08\/img-wxuhjwHl70LILwubhKwSq8uu.png 1024w, https:\/\/www.sativagrowshop.com\/blog\/wp-content\/uploads\/2024\/08\/img-wxuhjwHl70LILwubhKwSq8uu-300x300.png 300w, https:\/\/www.sativagrowshop.com\/blog\/wp-content\/uploads\/2024\/08\/img-wxuhjwHl70LILwubhKwSq8uu-150x150.png 150w, https:\/\/www.sativagrowshop.com\/blog\/wp-content\/uploads\/2024\/08\/img-wxuhjwHl70LILwubhKwSq8uu-768x768.png 768w\" sizes=\"auto, (max-width: 1024px) 100vw, 1024px\" \/><div class=\"wp-block-cover__inner-container has-global-padding is-layout-constrained wp-container-core-cover-is-layout-17d11c15 wp-block-cover-is-layout-constrained\">\n<div class=\"wp-block-group alignwide has-global-padding is-layout-constrained wp-block-group-is-layout-constrained\" style=\"padding-top:var(--wp--preset--spacing--60);padding-bottom:var(--wp--preset--spacing--60)\">\n<div class=\"wp-block-group alignwide has-global-padding is-layout-constrained wp-block-group-is-layout-constrained\">\n<div class=\"wp-block-columns alignwide are-vertically-aligned-center is-layout-flex wp-container-core-columns-is-layout-947c9d80 wp-block-columns-is-layout-flex\">\n<div class=\"wp-block-column is-vertically-aligned-center is-layout-flow wp-block-column-is-layout-flow\">\n<h1 class=\"wp-block-heading has-text-color has-x-large-font-size\" style=\"color:#fffffffc\">\n  En <strong><a href=\"http:\/\/www.sativagrowshop.com\" target=\"_blank\" rel=\"noopener\" title=\"\" style=\"color:#FF0000;\">www.sativagrowshop.com<\/a><\/strong>, contamos con un extenso cat\u00e1logo de productos relacionados con el cannabis, incluyendo <strong>semillas de marihuana<\/strong> de alta calidad y productos de <strong>CBD<\/strong>. Nuestra experiencia en el sector, adquirida a lo largo de a\u00f1os dedicados exclusivamente a este mundo, nos permite ofrecerte los mejores productos y el asesoramiento m\u00e1s especializado.\n<\/h1>\n<\/div>\n\n\n\n<div class=\"wp-block-column is-vertically-aligned-center is-layout-flow wp-block-column-is-layout-flow\">\n<p class=\"has-text-color\" style=\"color:#fffffffc\">www.sativagrowshop.com Tu Grow Shop de confianza, CBD Shop, Smart Shop, Coffeeshop, <\/p>\n<\/div>\n<\/div>\n<\/div>\n<\/div>\n<\/div><\/div>\n<\/div>\n\n\n\n<div class=\"wp-block-group alignfull has-background-background-color has-background has-global-padding is-layout-constrained wp-container-core-group-is-layout-7276a2bb wp-block-group-is-layout-constrained\" style=\"margin-top:0;margin-bottom:0;padding-top:var(--wp--preset--spacing--60);padding-right:var(--wp--preset--spacing--30);padding-bottom:var(--wp--preset--spacing--60);padding-left:var(--wp--preset--spacing--30)\">\n<div class=\"wp-block-group alignwide has-global-padding is-content-justification-center is-layout-constrained wp-block-group-is-layout-constrained\">\n<h2 class=\"wp-block-heading has-text-align-center\">C.B.D. Shop<\/h2>\n\n\n\n<p class=\"has-text-align-center\" style=\"margin-top:16px\">En www.sativagrowshop.com disponemos de una amplia selecci\u00f3n de aceites de CBD, Flores de CBD, Resinas y extracciones de la mas alta calidad<\/p>\n<\/div>\n\n\n\n<div class=\"wp-block-columns alignwide is-layout-flex wp-container-core-columns-is-layout-d0846407 wp-block-columns-is-layout-flex\">\n<div class=\"wp-block-column is-layout-flow wp-block-column-is-layout-flow\">\n<figure class=\"wp-block-image ext-aspect-landscape ext-import\"><img loading=\"lazy\" decoding=\"async\" width=\"1024\" height=\"1024\" src=\"https:\/\/www.sativagrowshop.com\/blog\/wp-content\/uploads\/2024\/08\/img-0YSaUl8ll9pk3PBd6zBHpPfQ.png\" alt=\"\" class=\"wp-image-62\" srcset=\"https:\/\/www.sativagrowshop.com\/blog\/wp-content\/uploads\/2024\/08\/img-0YSaUl8ll9pk3PBd6zBHpPfQ.png 1024w, https:\/\/www.sativagrowshop.com\/blog\/wp-content\/uploads\/2024\/08\/img-0YSaUl8ll9pk3PBd6zBHpPfQ-300x300.png 300w, https:\/\/www.sativagrowshop.com\/blog\/wp-content\/uploads\/2024\/08\/img-0YSaUl8ll9pk3PBd6zBHpPfQ-150x150.png 150w, https:\/\/www.sativagrowshop.com\/blog\/wp-content\/uploads\/2024\/08\/img-0YSaUl8ll9pk3PBd6zBHpPfQ-768x768.png 768w\" sizes=\"auto, (max-width: 1024px) 100vw, 1024px\" \/><\/figure>\n\n\n\n<h3 class=\"wp-block-heading has-text-align-center\" style=\"margin-top:24px;font-size:clamp(14px, 0.875rem + ((1vw - 3.2px) * 0.625), 20px);line-height:1.5\">Aceites de CBD en diferentes formatos<\/h3>\n\n\n\n<p class=\"has-text-align-center has-small-font-size\" style=\"margin-top:8px\">En www.SativaGrowshop.com colaboramos con las marcas m\u00e1s reconocidas del mercado, garantizando la m\u00e1s alta calidad y confianza, sin descuidar nunca el precio.<\/p>\n<\/div>\n\n\n\n<div class=\"wp-block-column is-layout-flow wp-block-column-is-layout-flow\">\n<figure class=\"wp-block-image ext-aspect-landscape ext-import\"><img loading=\"lazy\" decoding=\"async\" width=\"1024\" height=\"1024\" src=\"https:\/\/www.sativagrowshop.com\/blog\/wp-content\/uploads\/2024\/08\/img-Dp9vQPttSwP0wgf0iHw4vIjB.png\" alt=\"\" class=\"wp-image-63\" srcset=\"https:\/\/www.sativagrowshop.com\/blog\/wp-content\/uploads\/2024\/08\/img-Dp9vQPttSwP0wgf0iHw4vIjB.png 1024w, https:\/\/www.sativagrowshop.com\/blog\/wp-content\/uploads\/2024\/08\/img-Dp9vQPttSwP0wgf0iHw4vIjB-300x300.png 300w, https:\/\/www.sativagrowshop.com\/blog\/wp-content\/uploads\/2024\/08\/img-Dp9vQPttSwP0wgf0iHw4vIjB-150x150.png 150w, https:\/\/www.sativagrowshop.com\/blog\/wp-content\/uploads\/2024\/08\/img-Dp9vQPttSwP0wgf0iHw4vIjB-768x768.png 768w\" sizes=\"auto, (max-width: 1024px) 100vw, 1024px\" \/><\/figure>\n\n\n\n<h3 class=\"wp-block-heading has-text-align-center\" style=\"margin-top:24px;font-size:clamp(14px, 0.875rem + ((1vw - 3.2px) * 0.625), 20px);line-height:1.5\">Flores de CBD, Hach\u00eds de CBD, Extractos y mucho m\u00e1s<\/h3>\n\n\n\n<p class=\"has-text-align-center has-small-font-size\" style=\"margin-top:8px\">Nuestro equipo de expertos est\u00e1 en constante b\u00fasqueda de nuevos productos y marcas que cumplan con nuestros m\u00e1s estrictos est\u00e1ndares de calidad y precio<\/p>\n<\/div>\n\n\n\n<div class=\"wp-block-column is-layout-flow wp-block-column-is-layout-flow\">\n<figure class=\"wp-block-image ext-aspect-landscape ext-import\"><img loading=\"lazy\" decoding=\"async\" width=\"1024\" height=\"1024\" src=\"https:\/\/www.sativagrowshop.com\/blog\/wp-content\/uploads\/2024\/08\/img-jPeHS0yMBnxTWNnpwYKTNBPm.png\" alt=\"\" class=\"wp-image-67\" srcset=\"https:\/\/www.sativagrowshop.com\/blog\/wp-content\/uploads\/2024\/08\/img-jPeHS0yMBnxTWNnpwYKTNBPm.png 1024w, https:\/\/www.sativagrowshop.com\/blog\/wp-content\/uploads\/2024\/08\/img-jPeHS0yMBnxTWNnpwYKTNBPm-300x300.png 300w, https:\/\/www.sativagrowshop.com\/blog\/wp-content\/uploads\/2024\/08\/img-jPeHS0yMBnxTWNnpwYKTNBPm-150x150.png 150w, https:\/\/www.sativagrowshop.com\/blog\/wp-content\/uploads\/2024\/08\/img-jPeHS0yMBnxTWNnpwYKTNBPm-768x768.png 768w\" sizes=\"auto, (max-width: 1024px) 100vw, 1024px\" \/><\/figure>\n\n\n\n<h3 class=\"wp-block-heading has-text-align-center\" style=\"margin-top:24px;font-size:clamp(14px, 0.875rem + ((1vw - 3.2px) * 0.625), 20px);line-height:1.5\">Cosm\u00e9tica y Parafarmacia CBD<\/h3>\n\n\n\n<p>Conscientes de que la salud es primordial, colaboramos exclusivamente con empresas de prestigio reconocido y calidad superior.<\/p>\n<\/div>\n<\/div>\n<\/div>\n\n\n\n<div class=\"wp-block-group alignfull has-background-background-color has-background has-global-padding is-layout-constrained wp-container-core-group-is-layout-68d5e5bb wp-block-group-is-layout-constrained\" style=\"margin-top:0;margin-bottom:0;padding-top:var(--wp--preset--spacing--50);padding-right:var(--wp--preset--spacing--30);padding-bottom:var(--wp--preset--spacing--60);padding-left:var(--wp--preset--spacing--30)\">\n<div class=\"wp-block-columns alignwide is-layout-flex wp-container-core-columns-is-layout-47c06fe3 wp-block-columns-is-layout-flex\">\n<div class=\"wp-block-column is-layout-flow wp-block-column-is-layout-flow\">\n<h3 class=\"wp-block-heading\" style=\"margin-top:12px\">Art\u00edculos para el Cultivo de Interior<\/h3>\n\n\n\n<p style=\"margin-top:16px\">\u00abDescubre c\u00f3mo llevar tu cultivo de interior al siguiente nivel con <a href=\"https:\/\/www.sativagrowshop.com\" target=\"_blank\" rel=\"noopener\" title=\"\">www.sativagrowshop.com<\/a>. Te ofrecemos una amplia gama de art\u00edculos, desde opciones accesibles para principiantes hasta equipos avanzados para cultivadores profesionales. Encuentra todo lo que necesitas para optimizar tu cultivo, adaptado a tus necesidades espec\u00edficas, y conf\u00eda en nuestro asesoramiento experto para obtener los mejores resultados.\u00bb<\/p>\n<\/div>\n\n\n\n<div class=\"wp-block-column is-layout-flow wp-block-column-is-layout-flow\">\n<div class=\"wp-block-group has-global-padding is-layout-constrained wp-block-group-is-layout-constrained\">\n<h3 class=\"wp-block-heading\" style=\"margin-top:16px;font-size:clamp(14px, 0.875rem + ((1vw - 3.2px) * 0.625), 20px);line-height:1.5\"><a href=\"https:\/\/www.sativagrowshop.com\/2133-armarios-de-cultivo\" target=\"_blank\" rel=\"noopener\" title=\"\">Armarios de cultivo<\/a><\/h3>\n\n\n\n<p class=\"has-small-font-size\" style=\"margin-top:8px\">Los armarios de cultivo de Sativa Grow Shop son ideales para cultivar plantas en un ambiente controlado. Fabricados con materiales de alta calidad, ofrecen un espacio \u00f3ptimo para el crecimiento, asegurando luz, temperatura y humedad perfectas. Disponibles en varios tama\u00f1os y configuraciones, se ajustan a cultivadores novatos y expertos. Descubre c\u00f3mo estos armarios pueden maximizar el rendimiento y la salud de tus plantas, garantizando una cosecha exitosa y abundante.<\/p>\n<\/div>\n\n\n\n<div class=\"wp-block-group has-global-padding is-layout-constrained wp-block-group-is-layout-constrained\">\n<h3 class=\"wp-block-heading\" style=\"margin-top:16px;font-size:clamp(14px, 0.875rem + ((1vw - 3.2px) * 0.625), 20px);line-height:1.5\"><a href=\"https:\/\/www.sativagrowshop.com\/231-iluminacion-y-kits-de-iluminacion\" target=\"_blank\" rel=\"noopener\" title=\"\">Iluminaci\u00f3n y Kits de Iluminaci\u00f3n<\/a><\/h3>\n\n\n\n<p class=\"has-small-font-size\" style=\"margin-top:8px\">Bienvenido a nuestra secci\u00f3n de Iluminaci\u00f3n y Kits de Iluminaci\u00f3n. Aqu\u00ed encontrar\u00e1s todo lo necesario para optimizar el crecimiento de tus plantas. Ofrecemos una amplia variedad de l\u00e1mparas, reflectores, balastros y kits completos que se adaptan a las necesidades de cultivadores de todos los niveles. Nuestros productos garantizan eficiencia y calidad, asegurando un entorno ideal para tus cultivos. Explora nuestras opciones y descubre c\u00f3mo mejorar tu cosecha con la mejor tecnolog\u00eda en iluminaci\u00f3n.<\/p>\n<\/div>\n\n\n\n<div class=\"wp-block-group has-global-padding is-layout-constrained wp-block-group-is-layout-constrained\">\n<h3 class=\"wp-block-heading\" style=\"margin-top:16px;font-size:clamp(14px, 0.875rem + ((1vw - 3.2px) * 0.625), 20px);line-height:1.5\"><a href=\"https:\/\/www.sativagrowshop.com\/2165-cultivo\" target=\"_blank\" rel=\"noopener\" title=\"\">Todo lo necesario para tu interior<\/a><\/h3>\n\n\n\n<p class=\"has-small-font-size\" style=\"margin-top:8px\">Equipo profesional con m\u00e1s de 30 a\u00f1os de experiencia en cultivo de esta maravillosa planta.<\/p>\n<\/div>\n<\/div>\n\n\n\n<div class=\"wp-block-column is-layout-flow wp-block-column-is-layout-flow\">\n<div class=\"wp-block-group has-global-padding is-layout-constrained wp-block-group-is-layout-constrained\">\n<h3 class=\"wp-block-heading\" style=\"margin-top:16px;font-size:clamp(14px, 0.875rem + ((1vw - 3.2px) * 0.625), 20px);line-height:1.5\"><a href=\"https:\/\/www.sativagrowshop.com\/229-fertilizantes\" target=\"_blank\" rel=\"noopener\" title=\"\">Fertilizantes<\/a><\/h3>\n\n\n\n<p class=\"has-small-font-size\" style=\"margin-top:8px\">Mantenimiento y cuidado de espacios verdes para propiedades residenciales y comerciales.<\/p>\n<\/div>\n\n\n\n<div class=\"wp-block-group has-global-padding is-layout-constrained wp-block-group-is-layout-constrained\">\n<h3 class=\"wp-block-heading\" style=\"margin-top:16px;font-size:clamp(14px, 0.875rem + ((1vw - 3.2px) * 0.625), 20px);line-height:1.5\"><a href=\"https:\/\/www.sativagrowshop.com\/2070-parafarmacia-y-cosmetica-cannabica\" target=\"_blank\" rel=\"noopener\" title=\"\">Est\u00e9tica y calidad de vida<\/a><\/h3>\n\n\n\n<p class=\"has-small-font-size\" style=\"margin-top:8px\">Creamos oasis de paz y belleza en su propiedad, mejorando su est\u00e9tica y calidad de vida.<\/p>\n\n\n\n<p style=\"margin-top:16px;font-size:clamp(14px, 0.875rem + ((1vw - 3.2px) * 0.625), 20px);line-height:1.5\"><a href=\"https:\/\/www.sativagrowshop.com\/2070-parafarmacia-y-cosmetica-cannabica\" target=\"_blank\" rel=\"noopener\" title=\"\">Parafernalia<\/a><\/p>\n\n\n\n<p class=\"has-small-font-size\" style=\"margin-top:8px\">En <strong>Sativa Grow Shop<\/strong>, ofrecemos una amplia variedad de parafernalia de alta calidad para los amantes del cultivo y consumo responsable. Disponemos de productos como vaporizadores, accesorios para cultivo, sistemas de iluminaci\u00f3n, fertilizantes, sustratos y herramientas especializadas. Adem\u00e1s, contamos con una selecci\u00f3n de bongs, pipas y grinders, ideales para quienes buscan una experiencia \u00f3ptima. Todos nuestros productos est\u00e1n cuidadosamente seleccionados para garantizar la mejor calidad, durabilidad y rendimiento, siempre enfocados en ofrecer lo mejor para nuestros clientes, ya sea para cultivo, consumo o ambos.<\/p>\n<\/div>\n<\/div>\n<\/div>\n<\/div>\n","protected":false},"excerpt":{"rendered":"<p>C.B.D. Shop En www.sativagrowshop.com disponemos de una amplia selecci\u00f3n de aceites de CBD, Flores de CBD, Resinas y extracciones de la mas alta calidad Aceites de CBD en diferentes formatos En www.SativaGrowshop.com colaboramos con las marcas m\u00e1s reconocidas del mercado, garantizando la m\u00e1s alta calidad y confianza, sin descuidar nunca el precio. Flores de CBD, [&hellip;]<\/p>\n","protected":false},"author":1,"featured_media":0,"parent":0,"menu_order":0,"comment_status":"closed","ping_status":"closed","template":"no-title","meta":{"om_disable_all_campaigns":false,"_monsterinsights_skip_tracking":false,"_monsterinsights_sitenote_active":false,"_monsterinsights_sitenote_note":"","_monsterinsights_sitenote_category":0,"_uf_show_specific_survey":0,"_uf_disable_surveys":false,"footnotes":""},"class_list":["post-10","page","type-page","status-publish","hentry"],"aioseo_notices":[],"_links":{"self":[{"href":"https:\/\/www.sativagrowshop.com\/blog\/wp-json\/wp\/v2\/pages\/10","targetHints":{"allow":["GET"]}}],"collection":[{"href":"https:\/\/www.sativagrowshop.com\/blog\/wp-json\/wp\/v2\/pages"}],"about":[{"href":"https:\/\/www.sativagrowshop.com\/blog\/wp-json\/wp\/v2\/types\/page"}],"author":[{"embeddable":true,"href":"https:\/\/www.sativagrowshop.com\/blog\/wp-json\/wp\/v2\/users\/1"}],"replies":[{"embeddable":true,"href":"https:\/\/www.sativagrowshop.com\/blog\/wp-json\/wp\/v2\/comments?post=10"}],"version-history":[{"count":9,"href":"https:\/\/www.sativagrowshop.com\/blog\/wp-json\/wp\/v2\/pages\/10\/revisions"}],"predecessor-version":[{"id":95,"href":"https:\/\/www.sativagrowshop.com\/blog\/wp-json\/wp\/v2\/pages\/10\/revisions\/95"}],"wp:attachment":[{"href":"https:\/\/www.sativagrowshop.com\/blog\/wp-json\/wp\/v2\/media?parent=10"}],"curies":[{"name":"wp","href":"https:\/\/api.w.org\/{rel}","templated":true}]}}